{"id":1034,"date":"2020-12-18T17:01:55","date_gmt":"2020-12-18T17:01:55","guid":{"rendered":"https:\/\/splendidshape.pt\/?post_type=product&#038;p=1034"},"modified":"2022-11-09T15:56:36","modified_gmt":"2022-11-09T14:56:36","slug":"bluetex","status":"publish","type":"product","link":"http:\/\/splendidshape.pt\/fr\/product\/bluetex\/","title":{"rendered":"Bluetex"},"content":{"rendered":"","protected":false},"excerpt":{"rendered":"<p>Le matelas <strong>Bluetex<\/strong> offre un sommeil id\u00e9al pour ceux qui appr\u00e9cient le confort et la douceur. C'est un matelas confortable, r\u00e9sistant et durable, en mousse de densit\u00e9 moyenne, respirant, frais et hypoallerg\u00e9nique.<\/p>","protected":false},"featured_media":1218,"template":"","meta":[],"product_cat":[15],"product_tag":[],"class_list":{"0":"post-1034","1":"product","2":"type-product","3":"status-publish","4":"has-post-thumbnail","6":"product_cat-colchao","8":"first","9":"instock","10":"shipping-taxable","11":"purchasable","12":"product-type-variable"},"yoast_head":"<!-- This site is optimized with the Yoast SEO plugin v19.10 - https:\/\/yoast.com\/wordpress\/plugins\/seo\/ -->\n<title>Splendid Shape, Unipessoal, Lda. &ndash; Bluetex<\/title>\n<meta name=\"description\" content=\"O colch\u00e3o Bluetex proporciona um sono ideal para quem aprecia conforto e suavidade. \u00c9 um colch\u00e3o confort\u00e1vel, resistente e duradouro.\" \/>\n<meta name=\"robots\" content=\"index, follow, max-snippet:-1, max-image-preview:large, max-video-preview:-1\" \/>\n<link rel=\"canonical\" href=\"http:\/\/splendidshape.pt\/fr\/product\/bluetex\/\" \/>\n<meta property=\"og:locale\" content=\"fr_FR\" \/>\n<meta property=\"og:type\" content=\"article\" \/>\n<meta property=\"og:title\" content=\"Splendid Shape, Unipessoal, Lda. &ndash; Bluetex\" \/>\n<meta property=\"og:description\" content=\"O colch\u00e3o Bluetex proporciona um sono ideal para quem aprecia conforto e suavidade. \u00c9 um colch\u00e3o confort\u00e1vel, resistente e duradouro.\" \/>\n<meta property=\"og:url\" content=\"http:\/\/splendidshape.pt\/fr\/product\/bluetex\/\" \/>\n<meta property=\"og:site_name\" content=\"Splendid Shape, Unipessoal, Lda.\" \/>\n<meta property=\"article:modified_time\" content=\"2022-11-09T14:56:36+00:00\" \/>\n<meta property=\"og:image\" content=\"https:\/\/splendidshape.pt\/wp-content\/uploads\/2020\/12\/IMG_2073.png\" \/>\n\t<meta property=\"og:image:width\" content=\"2592\" \/>\n\t<meta property=\"og:image:height\" content=\"1728\" \/>\n\t<meta property=\"og:image:type\" content=\"image\/png\" \/>\n<meta name=\"twitter:card\" content=\"summary_large_image\" \/>\n<meta name=\"twitter:title\" content=\"Splendid Shape, Unipessoal, Lda. &ndash; Bluetex\" \/>\n<meta name=\"twitter:description\" content=\"O colch\u00e3o Bluetex proporciona um sono ideal para quem aprecia conforto e suavidade. \u00c9 um colch\u00e3o confort\u00e1vel, resistente e duradouro.\" \/>\n<meta name=\"twitter:image\" content=\"https:\/\/splendidshape.pt\/wp-content\/uploads\/2020\/12\/IMG_2073.png\" \/>\n<script type=\"application\/ld+json\" class=\"yoast-schema-graph\">{\"@context\":\"https:\/\/schema.org\",\"@graph\":[{\"@type\":\"WebPage\",\"@id\":\"https:\/\/splendidshape.pt\/product\/bluetex\/\",\"url\":\"https:\/\/splendidshape.pt\/product\/bluetex\/\",\"name\":\"Splendid Shape, Unipessoal, Lda. &ndash; Bluetex\",\"isPartOf\":{\"@id\":\"https:\/\/splendidshape.pt\/pt\/#website\"},\"datePublished\":\"2020-12-18T17:01:55+00:00\",\"dateModified\":\"2022-11-09T14:56:36+00:00\",\"description\":\"O colch\u00e3o Bluetex proporciona um sono ideal para quem aprecia conforto e suavidade. \u00c9 um colch\u00e3o confort\u00e1vel, resistente e duradouro.\",\"breadcrumb\":{\"@id\":\"https:\/\/splendidshape.pt\/product\/bluetex\/#breadcrumb\"},\"inLanguage\":\"fr-FR\",\"potentialAction\":[{\"@type\":\"ReadAction\",\"target\":[\"https:\/\/splendidshape.pt\/product\/bluetex\/\"]}]},{\"@type\":\"BreadcrumbList\",\"@id\":\"https:\/\/splendidshape.pt\/product\/bluetex\/#breadcrumb\",\"itemListElement\":[{\"@type\":\"ListItem\",\"position\":1,\"name\":\"In\u00edcio\",\"item\":\"https:\/\/splendidshape.pt\/\"},{\"@type\":\"ListItem\",\"position\":2,\"name\":\"Cat\u00e1logo\",\"item\":\"https:\/\/splendidshape.pt\/pt\/catalogo\/\"},{\"@type\":\"ListItem\",\"position\":3,\"name\":\"Bluetex\"}]},{\"@type\":\"WebSite\",\"@id\":\"https:\/\/splendidshape.pt\/pt\/#website\",\"url\":\"https:\/\/splendidshape.pt\/pt\/\",\"name\":\"Splendid Shape, Unipessoal, Lda.\",\"description\":\"Mattress Industry\",\"publisher\":{\"@id\":\"https:\/\/splendidshape.pt\/pt\/#organization\"},\"potentialAction\":[{\"@type\":\"SearchAction\",\"target\":{\"@type\":\"EntryPoint\",\"urlTemplate\":\"https:\/\/splendidshape.pt\/pt\/?s={search_term_string}\"},\"query-input\":\"required name=search_term_string\"}],\"inLanguage\":\"fr-FR\"},{\"@type\":\"Organization\",\"@id\":\"https:\/\/splendidshape.pt\/pt\/#organization\",\"name\":\"Splendid Shape, Unipessoal, Lda.\",\"url\":\"https:\/\/splendidshape.pt\/pt\/\",\"logo\":{\"@type\":\"ImageObject\",\"inLanguage\":\"fr-FR\",\"@id\":\"https:\/\/splendidshape.pt\/pt\/#\/schema\/logo\/image\/\",\"url\":\"https:\/\/www.splendidshape.pt\/wp-content\/uploads\/2020\/12\/cropped-cropped-ss-plendid-hape02-e1608728309936.png\",\"contentUrl\":\"https:\/\/www.splendidshape.pt\/wp-content\/uploads\/2020\/12\/cropped-cropped-ss-plendid-hape02-e1608728309936.png\",\"width\":200,\"height\":88,\"caption\":\"Splendid Shape, Unipessoal, Lda.\"},\"image\":{\"@id\":\"https:\/\/splendidshape.pt\/pt\/#\/schema\/logo\/image\/\"}}]}<\/script>\n<!-- \/ Yoast SEO plugin. -->","yoast_head_json":{"title":"Splendid Shape, Unipessoal, Lda. &ndash; Bluetex","description":"O colch\u00e3o Bluetex proporciona um sono ideal para quem aprecia conforto e suavidade. \u00c9 um colch\u00e3o confort\u00e1vel, resistente e duradouro.","robots":{"index":"index","follow":"follow","max-snippet":"max-snippet:-1","max-image-preview":"max-image-preview:large","max-video-preview":"max-video-preview:-1"},"canonical":"http:\/\/splendidshape.pt\/fr\/product\/bluetex\/","og_locale":"fr_FR","og_type":"article","og_title":"Splendid Shape, Unipessoal, Lda. &ndash; Bluetex","og_description":"O colch\u00e3o Bluetex proporciona um sono ideal para quem aprecia conforto e suavidade. \u00c9 um colch\u00e3o confort\u00e1vel, resistente e duradouro.","og_url":"http:\/\/splendidshape.pt\/fr\/product\/bluetex\/","og_site_name":"Splendid Shape, Unipessoal, Lda.","article_modified_time":"2022-11-09T14:56:36+00:00","og_image":[{"width":2592,"height":1728,"url":"https:\/\/splendidshape.pt\/wp-content\/uploads\/2020\/12\/IMG_2073.png","type":"image\/png"}],"twitter_card":"summary_large_image","twitter_title":"Splendid Shape, Unipessoal, Lda. &ndash; Bluetex","twitter_description":"O colch\u00e3o Bluetex proporciona um sono ideal para quem aprecia conforto e suavidade. \u00c9 um colch\u00e3o confort\u00e1vel, resistente e duradouro.","twitter_image":"https:\/\/splendidshape.pt\/wp-content\/uploads\/2020\/12\/IMG_2073.png","schema":{"@context":"https:\/\/schema.org","@graph":[{"@type":"WebPage","@id":"https:\/\/splendidshape.pt\/product\/bluetex\/","url":"https:\/\/splendidshape.pt\/product\/bluetex\/","name":"Splendid Shape, Unipessoal, Lda. &ndash; Bluetex","isPartOf":{"@id":"https:\/\/splendidshape.pt\/pt\/#website"},"datePublished":"2020-12-18T17:01:55+00:00","dateModified":"2022-11-09T14:56:36+00:00","description":"O colch\u00e3o Bluetex proporciona um sono ideal para quem aprecia conforto e suavidade. \u00c9 um colch\u00e3o confort\u00e1vel, resistente e duradouro.","breadcrumb":{"@id":"https:\/\/splendidshape.pt\/product\/bluetex\/#breadcrumb"},"inLanguage":"fr-FR","potentialAction":[{"@type":"ReadAction","target":["https:\/\/splendidshape.pt\/product\/bluetex\/"]}]},{"@type":"BreadcrumbList","@id":"https:\/\/splendidshape.pt\/product\/bluetex\/#breadcrumb","itemListElement":[{"@type":"ListItem","position":1,"name":"In\u00edcio","item":"https:\/\/splendidshape.pt\/"},{"@type":"ListItem","position":2,"name":"Cat\u00e1logo","item":"https:\/\/splendidshape.pt\/pt\/catalogo\/"},{"@type":"ListItem","position":3,"name":"Bluetex"}]},{"@type":"WebSite","@id":"https:\/\/splendidshape.pt\/pt\/#website","url":"https:\/\/splendidshape.pt\/pt\/","name":"Splendid Shape, Unipessoal, Lda.","description":"Mattress Industry","publisher":{"@id":"https:\/\/splendidshape.pt\/pt\/#organization"},"potentialAction":[{"@type":"SearchAction","target":{"@type":"EntryPoint","urlTemplate":"https:\/\/splendidshape.pt\/pt\/?s={search_term_string}"},"query-input":"required name=search_term_string"}],"inLanguage":"fr-FR"},{"@type":"Organization","@id":"https:\/\/splendidshape.pt\/pt\/#organization","name":"Splendid Shape, Unipessoal, Lda.","url":"https:\/\/splendidshape.pt\/pt\/","logo":{"@type":"ImageObject","inLanguage":"fr-FR","@id":"https:\/\/splendidshape.pt\/pt\/#\/schema\/logo\/image\/","url":"https:\/\/www.splendidshape.pt\/wp-content\/uploads\/2020\/12\/cropped-cropped-ss-plendid-hape02-e1608728309936.png","contentUrl":"https:\/\/www.splendidshape.pt\/wp-content\/uploads\/2020\/12\/cropped-cropped-ss-plendid-hape02-e1608728309936.png","width":200,"height":88,"caption":"Splendid Shape, Unipessoal, Lda."},"image":{"@id":"https:\/\/splendidshape.pt\/pt\/#\/schema\/logo\/image\/"}}]}},"_links":{"self":[{"href":"http:\/\/splendidshape.pt\/fr\/wp-json\/wp\/v2\/product\/1034","targetHints":{"allow":["GET"]}}],"collection":[{"href":"http:\/\/splendidshape.pt\/fr\/wp-json\/wp\/v2\/product"}],"about":[{"href":"http:\/\/splendidshape.pt\/fr\/wp-json\/wp\/v2\/types\/product"}],"wp:featuredmedia":[{"embeddable":true,"href":"http:\/\/splendidshape.pt\/fr\/wp-json\/wp\/v2\/media\/1218"}],"wp:attachment":[{"href":"http:\/\/splendidshape.pt\/fr\/wp-json\/wp\/v2\/media?parent=1034"}],"wp:term":[{"taxonomy":"product_cat","embeddable":true,"href":"http:\/\/splendidshape.pt\/fr\/wp-json\/wp\/v2\/product_cat?post=1034"},{"taxonomy":"product_tag","embeddable":true,"href":"http:\/\/splendidshape.pt\/fr\/wp-json\/wp\/v2\/product_tag?post=1034"}],"curies":[{"name":"wp","href":"https:\/\/api.w.org\/{rel}","templated":true}]}}