{"id":22,"date":"2020-06-16T06:55:49","date_gmt":"2020-06-16T06:55:49","guid":{"rendered":"https:\/\/zakra-agency.sites.qsandbox.com\/?page_id=22"},"modified":"2022-05-06T16:25:37","modified_gmt":"2022-05-06T15:25:37","slug":"sobre","status":"publish","type":"page","link":"http:\/\/splendidshape.pt\/pt\/sobre\/","title":{"rendered":"Sobre N\u00f3s"},"content":{"rendered":"\t\t<div data-elementor-type=\"wp-page\" data-elementor-id=\"22\" class=\"elementor elementor-22\">\n\t\t\t\t\t\t<div class=\"elementor-inner\">\n\t\t\t\t<div class=\"elementor-section-wrap\">\n\t\t\t\t\t\t\t\t\t<section class=\"elementor-section elementor-top-section elementor-element elementor-element-c664bfd elementor-section-boxed elementor-section-height-default elementor-section-height-default\" data-id=\"c664bfd\" data-element_type=\"section\">\n\t\t\t\t\t\t<div class=\"elementor-container elementor-column-gap-default\">\n\t\t\t\t\t\t\t<div class=\"elementor-row\">\n\t\t\t\t\t<div class=\"elementor-column elementor-col-50 elementor-top-column elementor-element elementor-element-cba7402\" data-id=\"cba7402\" data-element_type=\"column\">\n\t\t\t<div class=\"elementor-column-wrap elementor-element-populated\">\n\t\t\t\t\t\t\t<div class=\"elementor-widget-wrap\">\n\t\t\t\t\t\t<div class=\"elementor-element elementor-element-84d7fe5 elementor-widget elementor-widget-heading\" data-id=\"84d7fe5\" data-element_type=\"widget\" data-widget_type=\"heading.default\">\n\t\t\t\t<div class=\"elementor-widget-container\">\n\t\t\t<h3 class=\"elementor-heading-title elementor-size-default\">Quem Somos<\/h3>\t\t<\/div>\n\t\t\t\t<\/div>\n\t\t\t\t<div class=\"elementor-element elementor-element-1678e3c elementor-widget elementor-widget-text-editor\" data-id=\"1678e3c\" data-element_type=\"widget\" data-widget_type=\"text-editor.default\">\n\t\t\t\t<div class=\"elementor-widget-container\">\n\t\t\t\t\t\t\t\t<div class=\"elementor-text-editor elementor-clearfix\">\n\t\t\t\t<p align=\"justify\">A<strong> SPLENDID SHAPE<\/strong> foi fundada em 2007, em Santa Maria da Feira, contando j\u00e1 com mais de uma d\u00e9cada de experi\u00eancia, o que nos permite assumir e garantir o compromisso de desenvolver produtos inovadores e de vanguarda nas \u00e1reas do conforto e do descanso.\u00a0<\/p><p align=\"justify\"><span style=\"font-style: inherit; font-weight: inherit; color: var( --e-global-color-text );\">Apostamos, desde a primeira hora, num servi\u00e7o de excel\u00eancia, com uma oferta de produtos que responde com exatid\u00e3o \u00e0s especifica\u00e7\u00f5es t\u00e9cnicas de cada um dos nossos clientes.\u00a0<\/span><span style=\"font-style: inherit; font-weight: inherit; color: var( --e-global-color-text );\">Inicialmente orientada para o mercado portugu\u00eas, rapidamente passou a orientar a sua oferta para os pa\u00edses lus\u00f3fonos (Angola, Cabo Verde, Guin\u00e9-Bissau, Mo\u00e7ambique e S\u00e3o Tom\u00e9 e Pr\u00edncipe).<\/span><\/p>\t\t\t\t\t<\/div>\n\t\t\t\t\t\t<\/div>\n\t\t\t\t<\/div>\n\t\t\t\t<div class=\"elementor-element elementor-element-4648ea6 elementor-widget elementor-widget-image\" data-id=\"4648ea6\" data-element_type=\"widget\" data-widget_type=\"image.default\">\n\t\t\t\t<div class=\"elementor-widget-container\">\n\t\t\t\t\t\t\t\t<div class=\"elementor-image\">\n\t\t\t\t\t\t\t\t\t\t\t\t<img loading=\"lazy\" decoding=\"async\" width=\"812\" height=\"541\" src=\"https:\/\/splendidshape.pt\/wp-content\/uploads\/2020\/12\/splendid_shape2-1024x682.jpg\" class=\"attachment-large size-large\" alt=\"\" srcset=\"https:\/\/splendidshape.pt\/wp-content\/uploads\/2020\/12\/splendid_shape2-1024x682.jpg 1024w, https:\/\/splendidshape.pt\/wp-content\/uploads\/2020\/12\/splendid_shape2-300x200.jpg 300w, https:\/\/splendidshape.pt\/wp-content\/uploads\/2020\/12\/splendid_shape2-600x400.jpg 600w, https:\/\/splendidshape.pt\/wp-content\/uploads\/2020\/12\/splendid_shape2-64x43.jpg 64w, https:\/\/splendidshape.pt\/wp-content\/uploads\/2020\/12\/splendid_shape2-768x512.jpg 768w, https:\/\/splendidshape.pt\/wp-content\/uploads\/2020\/12\/splendid_shape2-1536x1024.jpg 1536w, https:\/\/splendidshape.pt\/wp-content\/uploads\/2020\/12\/splendid_shape2-2048x1365.jpg 2048w\" sizes=\"auto, (max-width: 812px) 100vw, 812px\" \/>\t\t\t\t\t\t\t\t\t\t\t\t\t\t<\/div>\n\t\t\t\t\t\t<\/div>\n\t\t\t\t<\/div>\n\t\t\t\t\t\t<\/div>\n\t\t\t\t\t<\/div>\n\t\t<\/div>\n\t\t\t\t<div class=\"elementor-column elementor-col-50 elementor-top-column elementor-element elementor-element-2b3ba71\" data-id=\"2b3ba71\" data-element_type=\"column\">\n\t\t\t<div class=\"elementor-column-wrap elementor-element-populated\">\n\t\t\t\t\t\t\t<div class=\"elementor-widget-wrap\">\n\t\t\t\t\t\t<div class=\"elementor-element elementor-element-e53aff1 elementor-widget elementor-widget-image\" data-id=\"e53aff1\" data-element_type=\"widget\" data-widget_type=\"image.default\">\n\t\t\t\t<div class=\"elementor-widget-container\">\n\t\t\t\t\t\t\t\t<div class=\"elementor-image\">\n\t\t\t\t\t\t\t\t\t\t\t\t<img loading=\"lazy\" decoding=\"async\" width=\"812\" height=\"609\" src=\"https:\/\/splendidshape.pt\/wp-content\/uploads\/2020\/12\/splendid_shape3-1024x768.jpeg\" class=\"attachment-large size-large\" alt=\"\" srcset=\"https:\/\/splendidshape.pt\/wp-content\/uploads\/2020\/12\/splendid_shape3-1024x768.jpeg 1024w, https:\/\/splendidshape.pt\/wp-content\/uploads\/2020\/12\/splendid_shape3-300x225.jpeg 300w, https:\/\/splendidshape.pt\/wp-content\/uploads\/2020\/12\/splendid_shape3-600x450.jpeg 600w, https:\/\/splendidshape.pt\/wp-content\/uploads\/2020\/12\/splendid_shape3-64x48.jpeg 64w, https:\/\/splendidshape.pt\/wp-content\/uploads\/2020\/12\/splendid_shape3-768x576.jpeg 768w, https:\/\/splendidshape.pt\/wp-content\/uploads\/2020\/12\/splendid_shape3-1536x1152.jpeg 1536w, https:\/\/splendidshape.pt\/wp-content\/uploads\/2020\/12\/splendid_shape3.jpeg 1824w\" sizes=\"auto, (max-width: 812px) 100vw, 812px\" \/>\t\t\t\t\t\t\t\t\t\t\t\t\t\t<\/div>\n\t\t\t\t\t\t<\/div>\n\t\t\t\t<\/div>\n\t\t\t\t<div class=\"elementor-element elementor-element-7a7f652 elementor-widget elementor-widget-text-editor\" data-id=\"7a7f652\" data-element_type=\"widget\" data-widget_type=\"text-editor.default\">\n\t\t\t\t<div class=\"elementor-widget-container\">\n\t\t\t\t\t\t\t\t<div class=\"elementor-text-editor elementor-clearfix\">\n\t\t\t\t<p align=\"justify\"><span style=\"font-style: inherit; font-weight: inherit; color: var( --e-global-color-text );\">Com o sucesso nesses pa\u00edses, \u00e9 assumida a decis\u00e3o de expans\u00e3o estrategicamente para o mercado europeu, tendo em 2013 celebrado os primeiros acordos de parceria comercial.\u00a0<\/span><\/p><p align=\"justify\"><span style=\"color: var( --e-global-color-text ); font-style: inherit; font-weight: inherit;\">A exig\u00eancia internacional e o aumento da produ\u00e7\u00e3o deram origem a uma nova etapa que conduziu \u00e0 reestrutura\u00e7\u00e3o da empresa e \u00e0 constru\u00e7\u00e3o de uma unidade ind\u00fastria de raiz com novos equipamentos de \u00faltima gera\u00e7\u00e3o.\u00a0<\/span><\/p><p align=\"justify\"><span style=\"font-style: inherit; font-weight: inherit; color: var( --e-global-color-text );\">Desde 2018 a operar na nova f\u00e1brica, a <\/span><strong style=\"font-style: inherit; color: var( --e-global-color-text );\">SPLENDID SHAPE<\/strong><span style=\"font-style: inherit; font-weight: inherit; color: var( --e-global-color-text );\"> \u00e9 capaz de responder em pleno \u00e0s necessidades espec\u00edficas de cada cliente, dispondo de uma vasta diversidade de materiais e de uma equipa de profissionais experientes e conhecedores das t\u00e9cnicas mais atuais e inovadoras, permitindo encontrar as melhores solu\u00e7\u00f5es e oferecer produtos \u00fanicos e exclusivos.<\/span><\/p>\t\t\t\t\t<\/div>\n\t\t\t\t\t\t<\/div>\n\t\t\t\t<\/div>\n\t\t\t\t\t\t<\/div>\n\t\t\t\t\t<\/div>\n\t\t<\/div>\n\t\t\t\t\t\t\t\t<\/div>\n\t\t\t\t\t<\/div>\n\t\t<\/section>\n\t\t\t\t<section class=\"elementor-section elementor-top-section elementor-element elementor-element-2c80a39 elementor-section-boxed elementor-section-height-default elementor-section-height-default\" data-id=\"2c80a39\" data-element_type=\"section\">\n\t\t\t\t\t\t<div class=\"elementor-container elementor-column-gap-default\">\n\t\t\t\t\t\t\t<div class=\"elementor-row\">\n\t\t\t\t\t<div class=\"elementor-column elementor-col-100 elementor-top-column elementor-element elementor-element-690fd0e\" data-id=\"690fd0e\" data-element_type=\"column\">\n\t\t\t<div class=\"elementor-column-wrap elementor-element-populated\">\n\t\t\t\t\t\t\t<div class=\"elementor-widget-wrap\">\n\t\t\t\t\t\t<div class=\"elementor-element elementor-element-f7b88b6 elementor-widget elementor-widget-spacer\" data-id=\"f7b88b6\" data-element_type=\"widget\" data-widget_type=\"spacer.default\">\n\t\t\t\t<div class=\"elementor-widget-container\">\n\t\t\t\t\t<div class=\"elementor-spacer\">\n\t\t\t<div class=\"elementor-spacer-inner\"><\/div>\n\t\t<\/div>\n\t\t\t\t<\/div>\n\t\t\t\t<\/div>\n\t\t\t\t\t\t<\/div>\n\t\t\t\t\t<\/div>\n\t\t<\/div>\n\t\t\t\t\t\t\t\t<\/div>\n\t\t\t\t\t<\/div>\n\t\t<\/section>\n\t\t\t\t<section class=\"elementor-section elementor-top-section elementor-element elementor-element-62179ef elementor-section-boxed elementor-section-height-default elementor-section-height-default\" data-id=\"62179ef\" data-element_type=\"section\">\n\t\t\t\t\t\t<div class=\"elementor-container elementor-column-gap-default\">\n\t\t\t\t\t\t\t<div class=\"elementor-row\">\n\t\t\t\t\t<div class=\"elementor-column elementor-col-100 elementor-top-column elementor-element elementor-element-93768b0\" data-id=\"93768b0\" data-element_type=\"column\">\n\t\t\t<div class=\"elementor-column-wrap elementor-element-populated\">\n\t\t\t\t\t\t\t<div class=\"elementor-widget-wrap\">\n\t\t\t\t\t\t<div class=\"elementor-element elementor-element-baaf838 elementor-widget elementor-widget-heading\" data-id=\"baaf838\" data-element_type=\"widget\" data-widget_type=\"heading.default\">\n\t\t\t\t<div class=\"elementor-widget-container\">\n\t\t\t<h3 class=\"elementor-heading-title elementor-size-default\">Miss\u00e3o<\/h3>\t\t<\/div>\n\t\t\t\t<\/div>\n\t\t\t\t<div class=\"elementor-element elementor-element-2d4d8f6 elementor-widget elementor-widget-text-editor\" data-id=\"2d4d8f6\" data-element_type=\"widget\" data-widget_type=\"text-editor.default\">\n\t\t\t\t<div class=\"elementor-widget-container\">\n\t\t\t\t\t\t\t\t<div class=\"elementor-text-editor elementor-clearfix\">\n\t\t\t\tA <strong>SPLENDID SHAPE<\/strong> assume como miss\u00e3o proporcionar a todos uma completa e\nexcelente noite de sono. Propomo-nos contribuir para a melhoria da qualidade de vida\ndas pessoas, proporcionando-lhe a suavidade e o conforto que s\u00f3 os nossos colch\u00f5es\npodem oferecer, respeitando as suas necessidades, os seus interesses de consumo e as\nsuas escolhas.\t\t\t\t\t<\/div>\n\t\t\t\t\t\t<\/div>\n\t\t\t\t<\/div>\n\t\t\t\t\t\t<\/div>\n\t\t\t\t\t<\/div>\n\t\t<\/div>\n\t\t\t\t\t\t\t\t<\/div>\n\t\t\t\t\t<\/div>\n\t\t<\/section>\n\t\t\t\t<section class=\"elementor-section elementor-top-section elementor-element elementor-element-5b2478c elementor-section-boxed elementor-section-height-default elementor-section-height-default\" data-id=\"5b2478c\" data-element_type=\"section\">\n\t\t\t\t\t\t<div class=\"elementor-container elementor-column-gap-default\">\n\t\t\t\t\t\t\t<div class=\"elementor-row\">\n\t\t\t\t\t<div class=\"elementor-column elementor-col-50 elementor-top-column elementor-element elementor-element-fa44072\" data-id=\"fa44072\" data-element_type=\"column\">\n\t\t\t<div class=\"elementor-column-wrap elementor-element-populated\">\n\t\t\t\t\t\t\t<div class=\"elementor-widget-wrap\">\n\t\t\t\t\t\t<div class=\"elementor-element elementor-element-e16d74e elementor-widget elementor-widget-heading\" data-id=\"e16d74e\" data-element_type=\"widget\" data-widget_type=\"heading.default\">\n\t\t\t\t<div class=\"elementor-widget-container\">\n\t\t\t<h3 class=\"elementor-heading-title elementor-size-default\">Vis\u00e3o<\/h3>\t\t<\/div>\n\t\t\t\t<\/div>\n\t\t\t\t<div class=\"elementor-element elementor-element-7d7fd30 elementor-widget elementor-widget-text-editor\" data-id=\"7d7fd30\" data-element_type=\"widget\" data-widget_type=\"text-editor.default\">\n\t\t\t\t<div class=\"elementor-widget-container\">\n\t\t\t\t\t\t\t\t<div class=\"elementor-text-editor elementor-clearfix\">\n\t\t\t\t<p align=\"justify\">Na <strong>SPLENDID SHAPE<\/strong>, trabalhamos para vir a ser uma das principais empresas do setor.\nSomos uma equipa que ambiciona ser uma marca de refer\u00eancia na qualidade para\nsatisfazer os mais altos padr\u00f5es do mercado, durabilidade e conforto e pela rela\u00e7\u00e3o\nque mantem com os seus clientes, e pelos produtos que fabrica, sendo reconhecida\npela excel\u00eancia dos seus produtos, do atendimento e do p\u00f3s-venda.\nO seu descanso motiva-nos, dia ap\u00f3s dia, trabalhamos para a cria\u00e7\u00e3o de produtos que\naliam a qualidade das mat\u00e9rias-primas a um design apelativo, resultando numa\nsuavidade e conforto que n\u00e3o deixa ningu\u00e9m indiferente.\t\t\t\t\t<\/div>\n\t\t\t\t\t\t<\/div>\n\t\t\t\t<\/div>\n\t\t\t\t\t\t<\/div>\n\t\t\t\t\t<\/div>\n\t\t<\/div>\n\t\t\t\t<div class=\"elementor-column elementor-col-50 elementor-top-column elementor-element elementor-element-eb8ebf5\" data-id=\"eb8ebf5\" data-element_type=\"column\">\n\t\t\t<div class=\"elementor-column-wrap elementor-element-populated\">\n\t\t\t\t\t\t\t<div class=\"elementor-widget-wrap\">\n\t\t\t\t\t\t<div class=\"elementor-element elementor-element-c5d0f04 elementor-widget elementor-widget-heading\" data-id=\"c5d0f04\" data-element_type=\"widget\" data-widget_type=\"heading.default\">\n\t\t\t\t<div class=\"elementor-widget-container\">\n\t\t\t<h3 class=\"elementor-heading-title elementor-size-default\">Valores<\/h3>\t\t<\/div>\n\t\t\t\t<\/div>\n\t\t\t\t<div class=\"elementor-element elementor-element-937fd00 elementor-widget elementor-widget-text-editor\" data-id=\"937fd00\" data-element_type=\"widget\" data-widget_type=\"text-editor.default\">\n\t\t\t\t<div class=\"elementor-widget-container\">\n\t\t\t\t\t\t\t\t<div class=\"elementor-text-editor elementor-clearfix\">\n\t\t\t\t<p align=\"justify\">A <strong>SPLENDID SHAPE<\/strong> assume como refer\u00eancia um conjunto de valores e fomenta o\nconsumo consciente, a honestidade nas rela\u00e7\u00f5es comerciais, o respeito pelas leis,\nnormas e c\u00f3digos de \u00e9tica, traduzindo-se num atendimento aos clientes de excel\u00eancia\ne personalizado.\nA satisfa\u00e7\u00e3o dos clientes \u2013 Ouvir e compreender as necessidades para que nos seja\nposs\u00edvel atender propondo as solu\u00e7\u00f5es mais adequadas;\nA Valoriza\u00e7\u00e3o das pessoas \u2013 Promover a assertividade e valorizar a diversidade entre\nindiv\u00edduos, respeitando clientes, funcion\u00e1rios e fornecedores.\nO compromisso \u00e9tico \u2013 Assumir um relacionamento de forma honesta e eticamente\ncorreta, prestando apenas informa\u00e7\u00f5es verdadeiras sobre os nossos produtos e\nservi\u00e7os.\t\t\t\t\t<\/div>\n\t\t\t\t\t\t<\/div>\n\t\t\t\t<\/div>\n\t\t\t\t\t\t<\/div>\n\t\t\t\t\t<\/div>\n\t\t<\/div>\n\t\t\t\t\t\t\t\t<\/div>\n\t\t\t\t\t<\/div>\n\t\t<\/section>\n\t\t\t\t<section class=\"elementor-section elementor-top-section elementor-element elementor-element-ca18dd2 elementor-section-boxed elementor-section-height-default elementor-section-height-default\" data-id=\"ca18dd2\" data-element_type=\"section\">\n\t\t\t\t\t\t<div class=\"elementor-container elementor-column-gap-default\">\n\t\t\t\t\t\t\t<div class=\"elementor-row\">\n\t\t\t\t\t<div class=\"elementor-column elementor-col-100 elementor-top-column elementor-element elementor-element-1260955\" data-id=\"1260955\" data-element_type=\"column\">\n\t\t\t<div class=\"elementor-column-wrap elementor-element-populated\">\n\t\t\t\t\t\t\t<div class=\"elementor-widget-wrap\">\n\t\t\t\t\t\t<div class=\"elementor-element elementor-element-10ab279 elementor-widget elementor-widget-spacer\" data-id=\"10ab279\" data-element_type=\"widget\" data-widget_type=\"spacer.default\">\n\t\t\t\t<div class=\"elementor-widget-container\">\n\t\t\t\t\t<div class=\"elementor-spacer\">\n\t\t\t<div class=\"elementor-spacer-inner\"><\/div>\n\t\t<\/div>\n\t\t\t\t<\/div>\n\t\t\t\t<\/div>\n\t\t\t\t\t\t<\/div>\n\t\t\t\t\t<\/div>\n\t\t<\/div>\n\t\t\t\t\t\t\t\t<\/div>\n\t\t\t\t\t<\/div>\n\t\t<\/section>\n\t\t\t\t\t\t\t\t\t<\/div>\n\t\t\t<\/div>\n\t\t\t\t\t<\/div>\n\t\t","protected":false},"excerpt":{"rendered":"<p>Quem Somos A SPLENDID SHAPE foi fundada em 2007, em Santa Maria da Feira, contando j\u00e1 com mais de uma d\u00e9cada de experi\u00eancia, o que nos permite assumir e garantir o compromisso de desenvolver produtos inovadores e de vanguarda nas \u00e1reas do conforto e do descanso.\u00a0 Apostamos, desde a primeira hora, num servi\u00e7o de excel\u00eancia, [&hellip;]<\/p>\n","protected":false},"author":2,"featured_media":0,"parent":0,"menu_order":0,"comment_status":"closed","ping_status":"closed","template":"page-templates\/pagebuilder.php","meta":{"footnotes":""},"class_list":["post-22","page","type-page","status-publish","hentry"],"yoast_head":"<!-- This site is optimized with the Yoast SEO plugin v19.10 - https:\/\/yoast.com\/wordpress\/plugins\/seo\/ -->\n<title>Splendid Shape, Unipessoal, Lda. &ndash; Sobre N\u00f3s<\/title>\n<meta name=\"description\" content=\"A SPLENDID SHAPE foi fundada em 2007, em Santa Maria da Feira, contando j\u00e1 com mais de uma d\u00e9cada de experi\u00eancia, o que nos permite assumir..\" \/>\n<meta name=\"robots\" content=\"index, follow, max-snippet:-1, max-image-preview:large, max-video-preview:-1\" \/>\n<link rel=\"canonical\" href=\"http:\/\/splendidshape.pt\/pt\/sobre\/\" \/>\n<meta property=\"og:locale\" content=\"pt_PT\" \/>\n<meta property=\"og:type\" content=\"article\" \/>\n<meta property=\"og:title\" content=\"Splendid Shape, Unipessoal, Lda. &ndash; Sobre N\u00f3s\" \/>\n<meta property=\"og:description\" content=\"A SPLENDID SHAPE foi fundada em 2007, em Santa Maria da Feira, contando j\u00e1 com mais de uma d\u00e9cada de experi\u00eancia, o que nos permite assumir..\" \/>\n<meta property=\"og:url\" content=\"http:\/\/splendidshape.pt\/pt\/sobre\/\" \/>\n<meta property=\"og:site_name\" content=\"Splendid Shape, Unipessoal, Lda.\" \/>\n<meta property=\"article:modified_time\" content=\"2022-05-06T15:25:37+00:00\" \/>\n<meta property=\"og:image\" content=\"https:\/\/splendidshape.pt\/wp-content\/uploads\/2020\/12\/splendid_shape2.jpg\" \/>\n\t<meta property=\"og:image:width\" content=\"2494\" \/>\n\t<meta property=\"og:image:height\" content=\"1662\" \/>\n\t<meta property=\"og:image:type\" content=\"image\/jpeg\" \/>\n<meta name=\"twitter:card\" content=\"summary_large_image\" \/>\n<meta name=\"twitter:title\" content=\"Splendid Shape, Unipessoal, Lda. &ndash; Sobre N\u00f3s\" \/>\n<meta name=\"twitter:description\" content=\"A SPLENDID SHAPE foi fundada em 2007, em Santa Maria da Feira, contando j\u00e1 com mais de uma d\u00e9cada de experi\u00eancia, o que nos permite assumir..\" \/>\n<meta name=\"twitter:image\" content=\"https:\/\/splendidshape.pt\/wp-content\/uploads\/2020\/12\/splendid_shape2.jpg\" \/>\n<meta name=\"twitter:label1\" content=\"Tempo estimado de leitura\" \/>\n\t<meta name=\"twitter:data1\" content=\"3 minutos\" \/>\n<script type=\"application\/ld+json\" class=\"yoast-schema-graph\">{\"@context\":\"https:\/\/schema.org\",\"@graph\":[{\"@type\":\"WebPage\",\"@id\":\"https:\/\/splendidshape.pt\/pt\/sobre\/\",\"url\":\"https:\/\/splendidshape.pt\/sobre\/\",\"name\":\"Splendid Shape, Unipessoal, Lda. &ndash; Sobre N\u00f3s\",\"isPartOf\":{\"@id\":\"https:\/\/splendidshape.pt\/pt\/#website\"},\"datePublished\":\"2020-06-16T06:55:49+00:00\",\"dateModified\":\"2022-05-06T15:25:37+00:00\",\"description\":\"A SPLENDID SHAPE foi fundada em 2007, em Santa Maria da Feira, contando j\u00e1 com mais de uma d\u00e9cada de experi\u00eancia, o que nos permite assumir..\",\"breadcrumb\":{\"@id\":\"https:\/\/splendidshape.pt\/sobre\/#breadcrumb\"},\"inLanguage\":\"pt-PT\",\"potentialAction\":[{\"@type\":\"ReadAction\",\"target\":[\"https:\/\/splendidshape.pt\/sobre\/\"]}]},{\"@type\":\"BreadcrumbList\",\"@id\":\"https:\/\/splendidshape.pt\/sobre\/#breadcrumb\",\"itemListElement\":[{\"@type\":\"ListItem\",\"position\":1,\"name\":\"In\u00edcio\",\"item\":\"https:\/\/splendidshape.pt\/\"},{\"@type\":\"ListItem\",\"position\":2,\"name\":\"Sobre N\u00f3s\"}]},{\"@type\":\"WebSite\",\"@id\":\"https:\/\/splendidshape.pt\/pt\/#website\",\"url\":\"https:\/\/splendidshape.pt\/pt\/\",\"name\":\"Splendid Shape, Unipessoal, Lda.\",\"description\":\"Mattress Industry\",\"publisher\":{\"@id\":\"https:\/\/splendidshape.pt\/pt\/#organization\"},\"potentialAction\":[{\"@type\":\"SearchAction\",\"target\":{\"@type\":\"EntryPoint\",\"urlTemplate\":\"https:\/\/splendidshape.pt\/pt\/?s={search_term_string}\"},\"query-input\":\"required name=search_term_string\"}],\"inLanguage\":\"pt-PT\"},{\"@type\":\"Organization\",\"@id\":\"https:\/\/splendidshape.pt\/pt\/#organization\",\"name\":\"Splendid Shape, Unipessoal, Lda.\",\"url\":\"https:\/\/splendidshape.pt\/pt\/\",\"logo\":{\"@type\":\"ImageObject\",\"inLanguage\":\"pt-PT\",\"@id\":\"https:\/\/splendidshape.pt\/pt\/#\/schema\/logo\/image\/\",\"url\":\"https:\/\/www.splendidshape.pt\/wp-content\/uploads\/2020\/12\/cropped-cropped-ss-plendid-hape02-e1608728309936.png\",\"contentUrl\":\"https:\/\/www.splendidshape.pt\/wp-content\/uploads\/2020\/12\/cropped-cropped-ss-plendid-hape02-e1608728309936.png\",\"width\":200,\"height\":88,\"caption\":\"Splendid Shape, Unipessoal, Lda.\"},\"image\":{\"@id\":\"https:\/\/splendidshape.pt\/pt\/#\/schema\/logo\/image\/\"}}]}<\/script>\n<!-- \/ Yoast SEO plugin. -->","yoast_head_json":{"title":"Splendid Shape, Unipessoal, Lda. &ndash; Sobre N\u00f3s","description":"A SPLENDID SHAPE foi fundada em 2007, em Santa Maria da Feira, contando j\u00e1 com mais de uma d\u00e9cada de experi\u00eancia, o que nos permite assumir..","robots":{"index":"index","follow":"follow","max-snippet":"max-snippet:-1","max-image-preview":"max-image-preview:large","max-video-preview":"max-video-preview:-1"},"canonical":"http:\/\/splendidshape.pt\/pt\/sobre\/","og_locale":"pt_PT","og_type":"article","og_title":"Splendid Shape, Unipessoal, Lda. &ndash; Sobre N\u00f3s","og_description":"A SPLENDID SHAPE foi fundada em 2007, em Santa Maria da Feira, contando j\u00e1 com mais de uma d\u00e9cada de experi\u00eancia, o que nos permite assumir..","og_url":"http:\/\/splendidshape.pt\/pt\/sobre\/","og_site_name":"Splendid Shape, Unipessoal, Lda.","article_modified_time":"2022-05-06T15:25:37+00:00","og_image":[{"width":2494,"height":1662,"url":"https:\/\/splendidshape.pt\/wp-content\/uploads\/2020\/12\/splendid_shape2.jpg","type":"image\/jpeg"}],"twitter_card":"summary_large_image","twitter_title":"Splendid Shape, Unipessoal, Lda. &ndash; Sobre N\u00f3s","twitter_description":"A SPLENDID SHAPE foi fundada em 2007, em Santa Maria da Feira, contando j\u00e1 com mais de uma d\u00e9cada de experi\u00eancia, o que nos permite assumir..","twitter_image":"https:\/\/splendidshape.pt\/wp-content\/uploads\/2020\/12\/splendid_shape2.jpg","twitter_misc":{"Tempo estimado de leitura":"3 minutos"},"schema":{"@context":"https:\/\/schema.org","@graph":[{"@type":"WebPage","@id":"https:\/\/splendidshape.pt\/pt\/sobre\/","url":"https:\/\/splendidshape.pt\/sobre\/","name":"Splendid Shape, Unipessoal, Lda. &ndash; Sobre N\u00f3s","isPartOf":{"@id":"https:\/\/splendidshape.pt\/pt\/#website"},"datePublished":"2020-06-16T06:55:49+00:00","dateModified":"2022-05-06T15:25:37+00:00","description":"A SPLENDID SHAPE foi fundada em 2007, em Santa Maria da Feira, contando j\u00e1 com mais de uma d\u00e9cada de experi\u00eancia, o que nos permite assumir..","breadcrumb":{"@id":"https:\/\/splendidshape.pt\/sobre\/#breadcrumb"},"inLanguage":"pt-PT","potentialAction":[{"@type":"ReadAction","target":["https:\/\/splendidshape.pt\/sobre\/"]}]},{"@type":"BreadcrumbList","@id":"https:\/\/splendidshape.pt\/sobre\/#breadcrumb","itemListElement":[{"@type":"ListItem","position":1,"name":"In\u00edcio","item":"https:\/\/splendidshape.pt\/"},{"@type":"ListItem","position":2,"name":"Sobre N\u00f3s"}]},{"@type":"WebSite","@id":"https:\/\/splendidshape.pt\/pt\/#website","url":"https:\/\/splendidshape.pt\/pt\/","name":"Splendid Shape, Unipessoal, Lda.","description":"Mattress Industry","publisher":{"@id":"https:\/\/splendidshape.pt\/pt\/#organization"},"potentialAction":[{"@type":"SearchAction","target":{"@type":"EntryPoint","urlTemplate":"https:\/\/splendidshape.pt\/pt\/?s={search_term_string}"},"query-input":"required name=search_term_string"}],"inLanguage":"pt-PT"},{"@type":"Organization","@id":"https:\/\/splendidshape.pt\/pt\/#organization","name":"Splendid Shape, Unipessoal, Lda.","url":"https:\/\/splendidshape.pt\/pt\/","logo":{"@type":"ImageObject","inLanguage":"pt-PT","@id":"https:\/\/splendidshape.pt\/pt\/#\/schema\/logo\/image\/","url":"https:\/\/www.splendidshape.pt\/wp-content\/uploads\/2020\/12\/cropped-cropped-ss-plendid-hape02-e1608728309936.png","contentUrl":"https:\/\/www.splendidshape.pt\/wp-content\/uploads\/2020\/12\/cropped-cropped-ss-plendid-hape02-e1608728309936.png","width":200,"height":88,"caption":"Splendid Shape, Unipessoal, Lda."},"image":{"@id":"https:\/\/splendidshape.pt\/pt\/#\/schema\/logo\/image\/"}}]}},"_links":{"self":[{"href":"http:\/\/splendidshape.pt\/pt\/wp-json\/wp\/v2\/pages\/22","targetHints":{"allow":["GET"]}}],"collection":[{"href":"http:\/\/splendidshape.pt\/pt\/wp-json\/wp\/v2\/pages"}],"about":[{"href":"http:\/\/splendidshape.pt\/pt\/wp-json\/wp\/v2\/types\/page"}],"author":[{"embeddable":true,"href":"http:\/\/splendidshape.pt\/pt\/wp-json\/wp\/v2\/users\/2"}],"replies":[{"embeddable":true,"href":"http:\/\/splendidshape.pt\/pt\/wp-json\/wp\/v2\/comments?post=22"}],"version-history":[{"count":15,"href":"http:\/\/splendidshape.pt\/pt\/wp-json\/wp\/v2\/pages\/22\/revisions"}],"predecessor-version":[{"id":2006,"href":"http:\/\/splendidshape.pt\/pt\/wp-json\/wp\/v2\/pages\/22\/revisions\/2006"}],"wp:attachment":[{"href":"http:\/\/splendidshape.pt\/pt\/wp-json\/wp\/v2\/media?parent=22"}],"curies":[{"name":"wp","href":"https:\/\/api.w.org\/{rel}","templated":true}]}}