{"id":10,"date":"2020-12-07T09:35:33","date_gmt":"2020-12-07T09:35:33","guid":{"rendered":"https:\/\/splendidshape.pt\/minha-conta\/"},"modified":"2020-12-15T15:21:05","modified_gmt":"2020-12-15T15:21:05","slug":"minha-conta","status":"publish","type":"page","link":"https:\/\/splendidshape.pt\/pt\/minha-conta\/","title":{"rendered":"Minha conta"},"content":{"rendered":"<div class=\"woocommerce\"><div class=\"woocommerce-notices-wrapper\"><\/div>\n\n<div class=\"u-columns col2-set\" id=\"customer_login\">\n\n\t<div class=\"u-column1 col-1\">\n\n\n\t\t<h2>Iniciar sess\u00e3o<\/h2>\n\n\t\t<form class=\"woocommerce-form woocommerce-form-login login\" method=\"post\">\n\n\t\t\t\n\t\t\t<p class=\"woocommerce-form-row woocommerce-form-row--wide form-row form-row-wide\">\n\t\t\t\t<label for=\"username\">Nome de utilizador ou email&nbsp;<span class=\"required\">*<\/span><\/label>\n\t\t\t\t<input type=\"text\" class=\"woocommerce-Input woocommerce-Input--text input-text\" name=\"username\" id=\"username\" autocomplete=\"username\" value=\"\" \/>\t\t\t<\/p>\n\t\t\t<p class=\"woocommerce-form-row woocommerce-form-row--wide form-row form-row-wide\">\n\t\t\t\t<label for=\"password\">Senha&nbsp;<span class=\"required\">*<\/span><\/label>\n\t\t\t\t<input class=\"woocommerce-Input woocommerce-Input--text input-text\" type=\"password\" name=\"password\" id=\"password\" autocomplete=\"current-password\" \/>\n\t\t\t<\/p>\n\n\t\t\t\n\t\t\t<p class=\"form-row\">\n\t\t\t\t<label class=\"woocommerce-form__label woocommerce-form__label-for-checkbox woocommerce-form-login__rememberme\">\n\t\t\t\t\t<input class=\"woocommerce-form__input woocommerce-form__input-checkbox\" name=\"rememberme\" type=\"checkbox\" id=\"rememberme\" value=\"forever\" \/> <span>Lembrar-me<\/span>\n\t\t\t\t<\/label>\n\t\t\t\t<input type=\"hidden\" id=\"woocommerce-login-nonce\" name=\"woocommerce-login-nonce\" value=\"4b52eccf48\" \/><input type=\"hidden\" name=\"_wp_http_referer\" value=\"\/pt\/wp-json\/wp\/v2\/pages\/10\" \/>\t\t\t\t<button type=\"submit\" class=\"woocommerce-button button woocommerce-form-login__submit wp-element-button\" name=\"login\" value=\"Iniciar sess\u00e3o\">Iniciar sess\u00e3o<\/button>\n\t\t\t<\/p>\n\t\t\t<p class=\"woocommerce-LostPassword lost_password\">\n\t\t\t\t<a href=\"https:\/\/splendidshape.pt\/pt\/minha-conta\/recuperar-password\/\">Perdeu a sua senha?<\/a>\n\t\t\t<\/p>\n\n\t\t\t\n\t\t<\/form>\n\n\n\t<\/div>\n\n\t<div class=\"u-column2 col-2\">\n\n\t\t<h2>Registar nova conta<\/h2>\n\n\t\t<form method=\"post\" class=\"woocommerce-form woocommerce-form-register register\"  >\n\n\t\t\t\n\t\t\t\n\t\t\t<p class=\"woocommerce-form-row woocommerce-form-row--wide form-row form-row-wide\">\n\t\t\t\t<label for=\"reg_email\">Endere\u00e7o de email&nbsp;<span class=\"required\">*<\/span><\/label>\n\t\t\t\t<input type=\"email\" class=\"woocommerce-Input woocommerce-Input--text input-text\" name=\"email\" id=\"reg_email\" autocomplete=\"email\" value=\"\" \/>\t\t\t<\/p>\n\n\t\t\t\n\t\t\t\t<p>A liga\u00e7\u00e3o para definir uma nova senha ser\u00e1 enviada para o seu endere\u00e7o de email.<\/p>\n\n\t\t\t\n\t\t\t<div class=\"woocommerce-privacy-policy-text\"><p>Os seus dados pessoais ser\u00e3o utilizados para melhorar a sua experi\u00eancia por toda a loja, para gerir o acesso \u00e0 sua conta e para os prop\u00f3sitos descritos na nossa <a href=\"https:\/\/splendidshape.pt\/pt\/politica-privacidade\/\" class=\"woocommerce-privacy-policy-link\" target=\"_blank\">pol\u00edtica de privacidade<\/a>.<\/p>\n<\/div>\n\t\t\t<p class=\"woocommerce-form-row form-row\">\n\t\t\t\t<input type=\"hidden\" id=\"woocommerce-register-nonce\" name=\"woocommerce-register-nonce\" value=\"4f8ee50d89\" \/><input type=\"hidden\" name=\"_wp_http_referer\" value=\"\/pt\/wp-json\/wp\/v2\/pages\/10\" \/>\t\t\t\t<button type=\"submit\" class=\"woocommerce-Button woocommerce-button button wp-element-button woocommerce-form-register__submit\" name=\"register\" value=\"Registar nova conta\">Registar nova conta<\/button>\n\t\t\t<\/p>\n\n\t\t\t\n\t\t<\/form>\n\n\t<\/div>\n\n<\/div>\n\n<\/div>\n","protected":false},"excerpt":{"rendered":"","protected":false},"author":2,"featured_media":0,"parent":0,"menu_order":0,"comment_status":"closed","ping_status":"closed","template":"","meta":{"footnotes":""},"class_list":["post-10","page","type-page","status-publish","hentry"],"yoast_head":"<!-- This site is optimized with the Yoast SEO plugin v19.10 - https:\/\/yoast.com\/wordpress\/plugins\/seo\/ -->\n<title>Splendid Shape, Unipessoal, Lda. &ndash; Minha conta<\/title>\n<meta name=\"robots\" content=\"index, follow, max-snippet:-1, max-image-preview:large, max-video-preview:-1\" \/>\n<link rel=\"canonical\" href=\"https:\/\/splendidshape.pt\/pt\/minha-conta\/\" \/>\n<meta property=\"og:locale\" content=\"pt_PT\" \/>\n<meta property=\"og:type\" content=\"article\" \/>\n<meta property=\"og:title\" content=\"Splendid Shape, Unipessoal, Lda. &ndash; Minha conta\" \/>\n<meta property=\"og:url\" content=\"https:\/\/splendidshape.pt\/pt\/minha-conta\/\" \/>\n<meta property=\"og:site_name\" content=\"Splendid Shape, Unipessoal, Lda.\" \/>\n<meta property=\"article:modified_time\" content=\"2020-12-15T15:21:05+00:00\" \/>\n<meta name=\"twitter:card\" content=\"summary_large_image\" \/>\n<script type=\"application\/ld+json\" class=\"yoast-schema-graph\">{\"@context\":\"https:\/\/schema.org\",\"@graph\":[{\"@type\":\"WebPage\",\"@id\":\"https:\/\/splendidshape.pt\/minha-conta\/\",\"url\":\"https:\/\/splendidshape.pt\/minha-conta\/\",\"name\":\"Splendid Shape, Unipessoal, Lda. &ndash; Minha conta\",\"isPartOf\":{\"@id\":\"https:\/\/splendidshape.pt\/pt\/#website\"},\"datePublished\":\"2020-12-07T09:35:33+00:00\",\"dateModified\":\"2020-12-15T15:21:05+00:00\",\"breadcrumb\":{\"@id\":\"https:\/\/splendidshape.pt\/minha-conta\/#breadcrumb\"},\"inLanguage\":\"pt-PT\",\"potentialAction\":[{\"@type\":\"ReadAction\",\"target\":[\"https:\/\/splendidshape.pt\/minha-conta\/\"]}]},{\"@type\":\"BreadcrumbList\",\"@id\":\"https:\/\/splendidshape.pt\/minha-conta\/#breadcrumb\",\"itemListElement\":[{\"@type\":\"ListItem\",\"position\":1,\"name\":\"In\u00edcio\",\"item\":\"https:\/\/splendidshape.pt\/\"},{\"@type\":\"ListItem\",\"position\":2,\"name\":\"Minha conta\"}]},{\"@type\":\"WebSite\",\"@id\":\"https:\/\/splendidshape.pt\/pt\/#website\",\"url\":\"https:\/\/splendidshape.pt\/pt\/\",\"name\":\"Splendid Shape, Unipessoal, Lda.\",\"description\":\"Mattress Industry\",\"publisher\":{\"@id\":\"https:\/\/splendidshape.pt\/pt\/#organization\"},\"potentialAction\":[{\"@type\":\"SearchAction\",\"target\":{\"@type\":\"EntryPoint\",\"urlTemplate\":\"https:\/\/splendidshape.pt\/pt\/?s={search_term_string}\"},\"query-input\":\"required name=search_term_string\"}],\"inLanguage\":\"pt-PT\"},{\"@type\":\"Organization\",\"@id\":\"https:\/\/splendidshape.pt\/pt\/#organization\",\"name\":\"Splendid Shape, Unipessoal, Lda.\",\"url\":\"https:\/\/splendidshape.pt\/pt\/\",\"logo\":{\"@type\":\"ImageObject\",\"inLanguage\":\"pt-PT\",\"@id\":\"https:\/\/splendidshape.pt\/pt\/#\/schema\/logo\/image\/\",\"url\":\"https:\/\/www.splendidshape.pt\/wp-content\/uploads\/2020\/12\/cropped-cropped-ss-plendid-hape02-e1608728309936.png\",\"contentUrl\":\"https:\/\/www.splendidshape.pt\/wp-content\/uploads\/2020\/12\/cropped-cropped-ss-plendid-hape02-e1608728309936.png\",\"width\":200,\"height\":88,\"caption\":\"Splendid Shape, Unipessoal, Lda.\"},\"image\":{\"@id\":\"https:\/\/splendidshape.pt\/pt\/#\/schema\/logo\/image\/\"}}]}<\/script>\n<!-- \/ Yoast SEO plugin. -->","yoast_head_json":{"title":"Splendid Shape, Unipessoal, Lda. &ndash; Minha conta","robots":{"index":"index","follow":"follow","max-snippet":"max-snippet:-1","max-image-preview":"max-image-preview:large","max-video-preview":"max-video-preview:-1"},"canonical":"https:\/\/splendidshape.pt\/pt\/minha-conta\/","og_locale":"pt_PT","og_type":"article","og_title":"Splendid Shape, Unipessoal, Lda. &ndash; Minha conta","og_url":"https:\/\/splendidshape.pt\/pt\/minha-conta\/","og_site_name":"Splendid Shape, Unipessoal, Lda.","article_modified_time":"2020-12-15T15:21:05+00:00","twitter_card":"summary_large_image","schema":{"@context":"https:\/\/schema.org","@graph":[{"@type":"WebPage","@id":"https:\/\/splendidshape.pt\/minha-conta\/","url":"https:\/\/splendidshape.pt\/minha-conta\/","name":"Splendid Shape, Unipessoal, Lda. &ndash; Minha conta","isPartOf":{"@id":"https:\/\/splendidshape.pt\/pt\/#website"},"datePublished":"2020-12-07T09:35:33+00:00","dateModified":"2020-12-15T15:21:05+00:00","breadcrumb":{"@id":"https:\/\/splendidshape.pt\/minha-conta\/#breadcrumb"},"inLanguage":"pt-PT","potentialAction":[{"@type":"ReadAction","target":["https:\/\/splendidshape.pt\/minha-conta\/"]}]},{"@type":"BreadcrumbList","@id":"https:\/\/splendidshape.pt\/minha-conta\/#breadcrumb","itemListElement":[{"@type":"ListItem","position":1,"name":"In\u00edcio","item":"https:\/\/splendidshape.pt\/"},{"@type":"ListItem","position":2,"name":"Minha conta"}]},{"@type":"WebSite","@id":"https:\/\/splendidshape.pt\/pt\/#website","url":"https:\/\/splendidshape.pt\/pt\/","name":"Splendid Shape, Unipessoal, Lda.","description":"Mattress Industry","publisher":{"@id":"https:\/\/splendidshape.pt\/pt\/#organization"},"potentialAction":[{"@type":"SearchAction","target":{"@type":"EntryPoint","urlTemplate":"https:\/\/splendidshape.pt\/pt\/?s={search_term_string}"},"query-input":"required name=search_term_string"}],"inLanguage":"pt-PT"},{"@type":"Organization","@id":"https:\/\/splendidshape.pt\/pt\/#organization","name":"Splendid Shape, Unipessoal, Lda.","url":"https:\/\/splendidshape.pt\/pt\/","logo":{"@type":"ImageObject","inLanguage":"pt-PT","@id":"https:\/\/splendidshape.pt\/pt\/#\/schema\/logo\/image\/","url":"https:\/\/www.splendidshape.pt\/wp-content\/uploads\/2020\/12\/cropped-cropped-ss-plendid-hape02-e1608728309936.png","contentUrl":"https:\/\/www.splendidshape.pt\/wp-content\/uploads\/2020\/12\/cropped-cropped-ss-plendid-hape02-e1608728309936.png","width":200,"height":88,"caption":"Splendid Shape, Unipessoal, Lda."},"image":{"@id":"https:\/\/splendidshape.pt\/pt\/#\/schema\/logo\/image\/"}}]}},"_links":{"self":[{"href":"https:\/\/splendidshape.pt\/pt\/wp-json\/wp\/v2\/pages\/10","targetHints":{"allow":["GET"]}}],"collection":[{"href":"https:\/\/splendidshape.pt\/pt\/wp-json\/wp\/v2\/pages"}],"about":[{"href":"https:\/\/splendidshape.pt\/pt\/wp-json\/wp\/v2\/types\/page"}],"author":[{"embeddable":true,"href":"https:\/\/splendidshape.pt\/pt\/wp-json\/wp\/v2\/users\/2"}],"replies":[{"embeddable":true,"href":"https:\/\/splendidshape.pt\/pt\/wp-json\/wp\/v2\/comments?post=10"}],"version-history":[{"count":0,"href":"https:\/\/splendidshape.pt\/pt\/wp-json\/wp\/v2\/pages\/10\/revisions"}],"wp:attachment":[{"href":"https:\/\/splendidshape.pt\/pt\/wp-json\/wp\/v2\/media?parent=10"}],"curies":[{"name":"wp","href":"https:\/\/api.w.org\/{rel}","templated":true}]}}